{"id":24,"date":"2019-10-16T13:57:19","date_gmt":"2019-10-16T10:57:19","guid":{"rendered":"http:\/\/piirto.com\/?page_id=24"},"modified":"2025-10-07T21:58:38","modified_gmt":"2025-10-07T18:58:38","slug":"taidesalonki-piirto","status":"publish","type":"page","link":"https:\/\/www.piirto.com\/en\/taidesalonki-piirto\/","title":{"rendered":"ART GALLERY PIIRTO"},"content":{"rendered":"<p style=\"text-align: center;\"><span style=\"color: #800080;\"><span style=\"color: #333333; font-size: 18px;\"><strong><a style=\"color: #333333;\" href=\"https:\/\/piirto.com\/wp-content\/uploads\/2021\/02\/2-TAIDESALONKI-PIIRTO-20-VUOTTA.jpg\"><img loading=\"lazy\" decoding=\"async\" class=\"wp-image-24615 alignleft\" src=\"https:\/\/piirto.com\/wp-content\/uploads\/2022\/03\/21-VUOTTA-YEARS-1-212x300.jpg\" alt=\"\" width=\"212\" height=\"300\" srcset=\"https:\/\/www.piirto.com\/wp-content\/uploads\/2022\/03\/21-VUOTTA-YEARS-1-212x300.jpg 212w, https:\/\/www.piirto.com\/wp-content\/uploads\/2022\/03\/21-VUOTTA-YEARS-1-724x1024.jpg 724w, https:\/\/www.piirto.com\/wp-content\/uploads\/2022\/03\/21-VUOTTA-YEARS-1-768x1086.jpg 768w, https:\/\/www.piirto.com\/wp-content\/uploads\/2022\/03\/21-VUOTTA-YEARS-1-1086x1536.jpg 1086w, https:\/\/www.piirto.com\/wp-content\/uploads\/2022\/03\/21-VUOTTA-YEARS-1-1448x2048.jpg 1448w, https:\/\/www.piirto.com\/wp-content\/uploads\/2022\/03\/21-VUOTTA-YEARS-1-600x848.jpg 600w, https:\/\/www.piirto.com\/wp-content\/uploads\/2022\/03\/21-VUOTTA-YEARS-1-scaled.jpg 1810w\" sizes=\"auto, (max-width: 212px) 100vw, 212px\" \/><\/a><\/strong><\/span><\/span><strong><span style=\"font-size: 24px; color: #808080;\">Dear Customers!<\/span><\/strong><\/p>\n<p style=\"text-align: left;\">Art Gallery Piirto operated for 21 years in Uudenmaankatu 7. We would like to thank all our customers, artists, journalists and partners.<br \/>\n<span style=\"color: #ff0000;\"><strong>We continue operating in Lauttasaari, Salakkakuja 4 A, 00210 Helsinki. Open Tue-Thu 12-18, Sat-Sun 12-18.<br \/>\n<\/strong><\/span>Art Gallery Piirto \/ Ateljee located on the ground floor of lofthouse in\nLauttasaari\u00b4s Vattuniemi. Atmospherically captivating oil paintings by Tapani Piirto. <strong><span style=\"color: #808080;\">How to get there:<\/span><br \/>\n<\/strong><span style=\"color: #808080;\"><strong>&#8211; Metro<\/strong><\/span> Helsingist\u00e4 ja Espoosta, poistu Lauttasaari, Gyldenintie 2 suunta, sielt\u00e4 k\u00e4vellen n. 5 min. Vattuniemen suuntaan.<br \/>\n<span style=\"color: #808080;\"><strong>&#8211; Bus 21<\/strong><\/span> from Kamppi, exit at Wavulintie stop. Walk about 2 minutes, in the direction of Vattuniemi.<br \/>\n<span style=\"color: #808080;\"><strong>&#8211; Bus 22<\/strong> <\/span>from Punavuori, exit at Lauttasaari Church stop. Walk about 5 minutes, in the direction of Vattuniemi.<\/p>\n<p style=\"text-align: center;\"><span style=\"color: #993300; font-size: 18px;\"><strong>Welcome - free Entry!<\/strong><\/span><\/p>\n<hr \/>\n<h3 align=\"CENTER\"><img loading=\"lazy\" decoding=\"async\" class=\"wp-image-46836 alignleft\" src=\"https:\/\/piirto.com\/wp-content\/uploads\/2025\/10\/Eka-postissa-2-300x167.jpg\" alt=\"\" width=\"457\" height=\"254\" srcset=\"https:\/\/www.piirto.com\/wp-content\/uploads\/2025\/10\/Eka-postissa-2-300x167.jpg 300w, https:\/\/www.piirto.com\/wp-content\/uploads\/2025\/10\/Eka-postissa-2-1024x571.jpg 1024w, https:\/\/www.piirto.com\/wp-content\/uploads\/2025\/10\/Eka-postissa-2-768x428.jpg 768w, https:\/\/www.piirto.com\/wp-content\/uploads\/2025\/10\/Eka-postissa-2-1536x856.jpg 1536w, https:\/\/www.piirto.com\/wp-content\/uploads\/2025\/10\/Eka-postissa-2-2048x1142.jpg 2048w, https:\/\/www.piirto.com\/wp-content\/uploads\/2025\/10\/Eka-postissa-2-18x10.jpg 18w, https:\/\/www.piirto.com\/wp-content\/uploads\/2025\/10\/Eka-postissa-2-600x335.jpg 600w\" sizes=\"auto, (max-width: 457px) 100vw, 457px\" \/><\/h3>\n<h3 style=\"text-align: center;\" align=\"CENTER\"><span style=\"font-size: 24px; color: #808080;\">Pysyv\u00e4 kkunan\u00e4yttely <img loading=\"lazy\" decoding=\"async\" class=\"wp-image-46837 alignright\" src=\"https:\/\/piirto.com\/wp-content\/uploads\/2025\/10\/Eka-postissa-3-293x300.jpg\" alt=\"\" width=\"249\" height=\"255\" srcset=\"https:\/\/www.piirto.com\/wp-content\/uploads\/2025\/10\/Eka-postissa-3-293x300.jpg 293w, https:\/\/www.piirto.com\/wp-content\/uploads\/2025\/10\/Eka-postissa-3-1000x1024.jpg 1000w, https:\/\/www.piirto.com\/wp-content\/uploads\/2025\/10\/Eka-postissa-3-768x786.jpg 768w, https:\/\/www.piirto.com\/wp-content\/uploads\/2025\/10\/Eka-postissa-3-1501x1536.jpg 1501w, https:\/\/www.piirto.com\/wp-content\/uploads\/2025\/10\/Eka-postissa-3-2001x2048.jpg 2001w, https:\/\/www.piirto.com\/wp-content\/uploads\/2025\/10\/Eka-postissa-3-12x12.jpg 12w, https:\/\/www.piirto.com\/wp-content\/uploads\/2025\/10\/Eka-postissa-3-600x614.jpg 600w\" sizes=\"auto, (max-width: 249px) 100vw, 249px\" \/>Helsingiss\u00e4<\/span><\/h3>\n<p style=\"text-align: left;\" align=\"CENTER\"><span style=\"font-size: 18px;\">Since 2008 Tapani Piirto's paintings have been on display<\/span><br \/>\n<span style=\"font-size: 18px;\">in the Mannerheimintie side parade window number 21 of T\u00f6\u00f6l\u00f6n kisahalli.<\/span><\/p>\n<h3 align=\"CENTER\"><\/h3>\n<p align=\"LEFT\">","protected":false},"excerpt":{"rendered":"<p>Hyv\u00e4t asiakkaamme! Taidesalonki Piirto toimi 21 vuotta osoitteessa Uudenmaankatu 7, 00120 Helsinki. Kiit\u00e4mme kaikkia asiakkaitamme, n\u00e4ytteilleasettajia, toimittajia ja yhteisty\u00f6kumppaneita. Toimintamme siirtyi Lauttasaareen. Uusi K\u00e4yntiosoite on\u00a0 Salakkakuja 4 A.\u00a0 Avoinna ti-to 12-18, la-su 12-18. Taidesalonki Piirto\/Ateljee sijaitsee Vattuniemess\u00e4 luhtitalon alakerrassa. Esill\u00e4 on taiteilija Tapani Piirton tunnelmallisesti vangitsevia \u00f6ljyv\u00e4rimaalauksia. N\u00e4in p\u00e4\u00e4set perille: &#8211; Metro Helsingist\u00e4 ja Espoosta,&#8230;<\/p>","protected":false},"author":1,"featured_media":0,"parent":0,"menu_order":0,"comment_status":"closed","ping_status":"closed","template":"","meta":{"footnotes":""},"class_list":["post-24","page","type-page","status-publish","hentry"],"_links":{"self":[{"href":"https:\/\/www.piirto.com\/en\/wp-json\/wp\/v2\/pages\/24","targetHints":{"allow":["GET"]}}],"collection":[{"href":"https:\/\/www.piirto.com\/en\/wp-json\/wp\/v2\/pages"}],"about":[{"href":"https:\/\/www.piirto.com\/en\/wp-json\/wp\/v2\/types\/page"}],"author":[{"embeddable":true,"href":"https:\/\/www.piirto.com\/en\/wp-json\/wp\/v2\/users\/1"}],"replies":[{"embeddable":true,"href":"https:\/\/www.piirto.com\/en\/wp-json\/wp\/v2\/comments?post=24"}],"version-history":[{"count":5,"href":"https:\/\/www.piirto.com\/en\/wp-json\/wp\/v2\/pages\/24\/revisions"}],"predecessor-version":[{"id":46845,"href":"https:\/\/www.piirto.com\/en\/wp-json\/wp\/v2\/pages\/24\/revisions\/46845"}],"wp:attachment":[{"href":"https:\/\/www.piirto.com\/en\/wp-json\/wp\/v2\/media?parent=24"}],"curies":[{"name":"wp","href":"https:\/\/api.w.org\/{rel}","templated":true}]}}