{"id":441,"date":"2019-11-21T13:30:59","date_gmt":"2019-11-21T11:30:59","guid":{"rendered":"http:\/\/piirto.com\/?page_id=441"},"modified":"2026-05-13T12:23:47","modified_gmt":"2026-05-13T09:23:47","slug":"tulevat-nayttelyt","status":"publish","type":"page","link":"https:\/\/www.piirto.com\/en\/tulevat-nayttelyt\/","title":{"rendered":"FUTURE EXHIBITIONS"},"content":{"rendered":"<h1 style=\"text-align: center;\">5.-9.2026\u00a0 \u00a0klo 11.00\u221217.00 KONSTRUNDAN<\/h1>\n<p style=\"text-align: center;\"><span style=\"color: #808080;\"><strong>Lue lis\u00e4\u00e4 &#8211; read more &#8211; l\u00e4s mera:<\/strong><\/span> <a href=\"https:\/\/konstrundan.fi\/fi\/alku\/\"><strong><span style=\"color: #0000ff;\">Konstru<\/span><\/strong><\/a><span style=\"color: #0000ff;\"><a style=\"color: #0000ff;\" href=\"https:\/\/konstrundan.fi\/fi\/alku\/\"><strong>ndan 2026<\/strong><\/a><\/span><\/p>\n<p style=\"text-align: center;\"><span style=\"font-size: 18px;\"><img loading=\"lazy\" decoding=\"async\" class=\"wp-image-46896 alignnone\" src=\"https:\/\/piirto.com\/wp-content\/uploads\/2026\/05\/KONSTRUNDAN-5.-6.9.2026-212x300.jpg\" alt=\"\" width=\"751\" height=\"1063\" srcset=\"https:\/\/www.piirto.com\/wp-content\/uploads\/2026\/05\/KONSTRUNDAN-5.-6.9.2026-212x300.jpg 212w, https:\/\/www.piirto.com\/wp-content\/uploads\/2026\/05\/KONSTRUNDAN-5.-6.9.2026-8x12.jpg 8w, https:\/\/www.piirto.com\/wp-content\/uploads\/2026\/05\/KONSTRUNDAN-5.-6.9.2026-600x848.jpg 600w\" sizes=\"auto, (max-width: 751px) 100vw, 751px\" \/><\/span><\/p>","protected":false},"excerpt":{"rendered":"<p>5.-9.2026\u00a0 \u00a0klo 11.00\u221217.00 KONSTRUNDAN Lue lis\u00e4\u00e4 &#8211; read more &#8211; l\u00e4s mera: Konstrundan 2026<\/p>","protected":false},"author":1,"featured_media":0,"parent":0,"menu_order":0,"comment_status":"closed","ping_status":"closed","template":"","meta":{"footnotes":""},"class_list":["post-441","page","type-page","status-publish","hentry"],"_links":{"self":[{"href":"https:\/\/www.piirto.com\/en\/wp-json\/wp\/v2\/pages\/441","targetHints":{"allow":["GET"]}}],"collection":[{"href":"https:\/\/www.piirto.com\/en\/wp-json\/wp\/v2\/pages"}],"about":[{"href":"https:\/\/www.piirto.com\/en\/wp-json\/wp\/v2\/types\/page"}],"author":[{"embeddable":true,"href":"https:\/\/www.piirto.com\/en\/wp-json\/wp\/v2\/users\/1"}],"replies":[{"embeddable":true,"href":"https:\/\/www.piirto.com\/en\/wp-json\/wp\/v2\/comments?post=441"}],"version-history":[{"count":6,"href":"https:\/\/www.piirto.com\/en\/wp-json\/wp\/v2\/pages\/441\/revisions"}],"predecessor-version":[{"id":46940,"href":"https:\/\/www.piirto.com\/en\/wp-json\/wp\/v2\/pages\/441\/revisions\/46940"}],"wp:attachment":[{"href":"https:\/\/www.piirto.com\/en\/wp-json\/wp\/v2\/media?parent=441"}],"curies":[{"name":"wp","href":"https:\/\/api.w.org\/{rel}","templated":true}]}}