{"id":441,"date":"2019-11-21T13:30:59","date_gmt":"2019-11-21T11:30:59","guid":{"rendered":"http:\/\/piirto.com\/?page_id=441"},"modified":"2026-04-01T11:43:48","modified_gmt":"2026-04-01T08:43:48","slug":"tulevat-nayttelyt","status":"publish","type":"page","link":"https:\/\/www.piirto.com\/fi\/tulevat-nayttelyt\/","title":{"rendered":"TULEVAT N\u00c4YTTELYT"},"content":{"rendered":"<h3 style=\"text-align: center;\" align=\"LEFT\"><span style=\"font-family: arial, helvetica, sans-serif; font-size: 18px; color: #999999;\">Tulevien n\u00e4yttelyiden tiedot julkaistaan, kun p\u00e4iv\u00e4m\u00e4\u00e4r\u00e4t on vahvistettu. <\/span><\/h3>\n<h3 style=\"text-align: center;\" align=\"LEFT\"><span style=\"font-family: arial, helvetica, sans-serif; font-size: 18px; color: #999999;\">Details of upcoming exhibitions will be published once the dates have been confirmed.<\/span><\/h3>\n<h3 style=\"text-align: center;\" align=\"LEFT\"><span style=\"font-family: arial, helvetica, sans-serif; font-size: 18px; color: #999999;\"><span lang=\"sv-SE\">Detaljer om kommande utst\u00e4llningar kommer att publiceras n\u00e4r datum \u00e4r bekr\u00e4ftade.<\/span> <\/span><\/h3>\n","protected":false},"excerpt":{"rendered":"<p>Tulevien n\u00e4yttelyiden tiedot julkaistaan, kun p\u00e4iv\u00e4m\u00e4\u00e4r\u00e4t on vahvistettu. Details of upcoming exhibitions will be published once the dates have been confirmed. Detaljer om kommande utst\u00e4llningar kommer att publiceras n\u00e4r datum \u00e4r bekr\u00e4ftade.<\/p>\n","protected":false},"author":1,"featured_media":0,"parent":0,"menu_order":0,"comment_status":"closed","ping_status":"closed","template":"","meta":{"footnotes":""},"class_list":["post-441","page","type-page","status-publish","hentry"],"_links":{"self":[{"href":"https:\/\/www.piirto.com\/fi\/wp-json\/wp\/v2\/pages\/441","targetHints":{"allow":["GET"]}}],"collection":[{"href":"https:\/\/www.piirto.com\/fi\/wp-json\/wp\/v2\/pages"}],"about":[{"href":"https:\/\/www.piirto.com\/fi\/wp-json\/wp\/v2\/types\/page"}],"author":[{"embeddable":true,"href":"https:\/\/www.piirto.com\/fi\/wp-json\/wp\/v2\/users\/1"}],"replies":[{"embeddable":true,"href":"https:\/\/www.piirto.com\/fi\/wp-json\/wp\/v2\/comments?post=441"}],"version-history":[{"count":6,"href":"https:\/\/www.piirto.com\/fi\/wp-json\/wp\/v2\/pages\/441\/revisions"}],"predecessor-version":[{"id":46876,"href":"https:\/\/www.piirto.com\/fi\/wp-json\/wp\/v2\/pages\/441\/revisions\/46876"}],"wp:attachment":[{"href":"https:\/\/www.piirto.com\/fi\/wp-json\/wp\/v2\/media?parent=441"}],"curies":[{"name":"wp","href":"https:\/\/api.w.org\/{rel}","templated":true}]}}